{"id":163,"date":"2016-02-12T15:30:49","date_gmt":"2016-02-12T13:30:49","guid":{"rendered":"http:\/\/www.lebenswerter-braubach.de\/?page_id=163"},"modified":"2016-03-07T11:13:23","modified_gmt":"2016-03-07T09:13:23","slug":"anschaffung-einer-geschwindigkeitsmesstafel","status":"publish","type":"page","link":"http:\/\/www.lebenswerter-braubach.de\/?page_id=163","title":{"rendered":"Anschaffung einer Geschwindigkeitsmesstafel"},"content":{"rendered":"<p style=\"text-align: justify;\"><span style=\"font-family: 'Arial','sans-serif'; font-size: 12pt;\"><span style=\"color: #000000;\">Die B\u00fcrgerinitiative beschaffte im Herbst 2015 eine Geschwindigkeitsmesstafel und stellte diese der Stadt Braubach am 10.11.2015 als Dauerleihgabe zur Verf\u00fcgung. Die BI m\u00f6chte damit einen aktiven Beitrag zur Verbesserung der Verkehrssicherheit in der Braubacher Innenstadt leisten.<\/span><\/span><\/p>\n<div id=\"attachment_164\" style=\"width: 650px\" class=\"wp-caption aligncenter\"><a href=\"http:\/\/www.lebenswerter-braubach.de\/wp-content\/uploads\/2016\/02\/2015-11-26-18.08.05_kindlephoto-503695073.jpg\"><img loading=\"lazy\" decoding=\"async\" aria-describedby=\"caption-attachment-164\" class=\"wp-image-164 size-large\" src=\"http:\/\/www.lebenswerter-braubach.de\/wp-content\/uploads\/2016\/02\/2015-11-26-18.08.05_kindlephoto-503695073-1024x567.jpg\" alt=\"\u00dcbergabe der Verkehrsmesstafel an den B\u00fcrgermeister der Stadt Braubach, Herrn Joachim M\u00fcller.\" width=\"640\" height=\"354\" srcset=\"http:\/\/www.lebenswerter-braubach.de\/wp-content\/uploads\/2016\/02\/2015-11-26-18.08.05_kindlephoto-503695073-1024x567.jpg 1024w, http:\/\/www.lebenswerter-braubach.de\/wp-content\/uploads\/2016\/02\/2015-11-26-18.08.05_kindlephoto-503695073-300x166.jpg 300w\" sizes=\"auto, (max-width: 640px) 100vw, 640px\" \/><\/a><p id=\"caption-attachment-164\" class=\"wp-caption-text\">\u00dcbergabe der Verkehrsmesstafel an den B\u00fcrgermeister der Stadt Braubach, Herrn Joachim M\u00fcller.<\/p><\/div>\n<p style=\"text-align: justify;\">Das Ger\u00e4t l\u00e4sst sich aktiv und passiv nutzen, so kann z. B. die Geschwindigkeit von vorbeifahrenden Fahrzeugen gemessen und angezeigt werden. \u00a0Die Autofahrerinnen und Autofahrer sollen so zu einer angepassten Fahrweise und Einhaltung der vorgeschriebenen Regelgeschwindigkeit angehalten werden.<\/p>\n<p style=\"text-align: justify;\"><span style=\"font-family: 'Arial','sans-serif'; font-size: 12pt;\"><span style=\"color: #000000;\">Zum Zweck der Datenerhebung kann das Ger\u00e4t ebenfalls benutzt werden, indem es die Anzahl der passierenden Fahrzeuge und die Geschwindigkeit misst, ohne diese anzuzeigen.<\/span><\/span><\/p>\n<div id=\"attachment_165\" style=\"width: 650px\" class=\"wp-caption aligncenter\"><a href=\"http:\/\/www.lebenswerter-braubach.de\/wp-content\/uploads\/2016\/02\/Bild-2a.jpg\"><img loading=\"lazy\" decoding=\"async\" aria-describedby=\"caption-attachment-165\" class=\"wp-image-165 size-large\" src=\"http:\/\/www.lebenswerter-braubach.de\/wp-content\/uploads\/2016\/02\/Bild-2a-965x1024.jpg\" alt=\"Fahre 30 - den B\u00fcrgern zu Liebe!\" width=\"640\" height=\"679\" srcset=\"http:\/\/www.lebenswerter-braubach.de\/wp-content\/uploads\/2016\/02\/Bild-2a-965x1024.jpg 965w, http:\/\/www.lebenswerter-braubach.de\/wp-content\/uploads\/2016\/02\/Bild-2a-283x300.jpg 283w\" sizes=\"auto, (max-width: 640px) 100vw, 640px\" \/><\/a><p id=\"caption-attachment-165\" class=\"wp-caption-text\">Fahre 30 &#8211; den B\u00fcrgern zu Liebe!<\/p><\/div>\n<p style=\"text-align: justify;\">Das Ger\u00e4t soll auf Wunsch der BI, an verschiedenen Stellen im Stadtgebiet eingesetzt werden.<\/p>\n<p style=\"text-align: justify;\">Unabh\u00e4ngig davon, setzt sich die BI seit geraumer Zeit f\u00fcr die Einrichtung einer durchgehenden Tempo 30-Zone in der gesamten Ortsdurchfahrt Braubach ein. Ein entsprechender Antrag wurde beim Landesbetrieb Mobilit\u00e4t gestellt und befindet sich dort zurzeit in der Bearbeitung.<\/p>\n","protected":false},"excerpt":{"rendered":"<p>Die B\u00fcrgerinitiative beschaffte im Herbst 2015 eine Geschwindigkeitsmesstafel und stellte diese der Stadt Braubach am 10.11.2015 als Dauerleihgabe zur Verf\u00fcgung. Die BI m\u00f6chte damit einen aktiven Beitrag zur Verbesserung der Verkehrssicherheit in der Braubacher Innenstadt leisten. Das Ger\u00e4t l\u00e4sst sich &hellip; <a href=\"http:\/\/www.lebenswerter-braubach.de\/?page_id=163\">Weiterlesen <span class=\"meta-nav\">&rarr;<\/span><\/a><\/p>\n","protected":false},"author":8,"featured_media":0,"parent":0,"menu_order":0,"comment_status":"closed","ping_status":"closed","template":"","meta":{"footnotes":"","_links_to":"","_links_to_target":""},"class_list":["post-163","page","type-page","status-publish","hentry"],"_links":{"self":[{"href":"http:\/\/www.lebenswerter-braubach.de\/index.php?rest_route=\/wp\/v2\/pages\/163","targetHints":{"allow":["GET"]}}],"collection":[{"href":"http:\/\/www.lebenswerter-braubach.de\/index.php?rest_route=\/wp\/v2\/pages"}],"about":[{"href":"http:\/\/www.lebenswerter-braubach.de\/index.php?rest_route=\/wp\/v2\/types\/page"}],"author":[{"embeddable":true,"href":"http:\/\/www.lebenswerter-braubach.de\/index.php?rest_route=\/wp\/v2\/users\/8"}],"replies":[{"embeddable":true,"href":"http:\/\/www.lebenswerter-braubach.de\/index.php?rest_route=%2Fwp%2Fv2%2Fcomments&post=163"}],"version-history":[{"count":0,"href":"http:\/\/www.lebenswerter-braubach.de\/index.php?rest_route=\/wp\/v2\/pages\/163\/revisions"}],"wp:attachment":[{"href":"http:\/\/www.lebenswerter-braubach.de\/index.php?rest_route=%2Fwp%2Fv2%2Fmedia&parent=163"}],"curies":[{"name":"wp","href":"https:\/\/api.w.org\/{rel}","templated":true}]}}