{"id":191,"date":"2016-02-12T18:11:30","date_gmt":"2016-02-12T16:11:30","guid":{"rendered":"http:\/\/www.lebenswerter-braubach.de\/?page_id=191"},"modified":"2016-03-07T11:17:48","modified_gmt":"2016-03-07T09:17:48","slug":"die-strassenlage-im-rhein-lahn-kreis","status":"publish","type":"page","link":"http:\/\/www.lebenswerter-braubach.de\/?page_id=191","title":{"rendered":"Die Verkehrssituation auf der Landstra\u00dfe 335"},"content":{"rendered":"<p style=\"text-align: justify;\"><span style=\"line-height: 115%; font-family: 'Arial','sans-serif'; font-size: 12pt;\"><span style=\"color: #000000;\">Zahllose Berufspendler m\u00fcssen Braubach zweimal am Tag passieren. Des Weiteren haben zahlreiche Speditionen die Landstra\u00dfe 335 als Mautausweichroute gew\u00e4hlt. Die Verbindung Koblenz \u00fcber die L335 zur B\u00e4derstra\u00dfe Richtung Wiesbaden bzw. Richtung Frankfurt wird f\u00fcr PKW mit etwa 40 Minuten Fahrtzeit angegeben. Entsprechend attraktiv ist sie f\u00fcr den Schwerlastverkehr als Mautstreckenumfahrung.<\/span><\/span><\/p>\n<div id=\"attachment_192\" style=\"width: 807px\" class=\"wp-caption aligncenter\"><a href=\"http:\/\/www.lebenswerter-braubach.de\/wp-content\/uploads\/2016\/02\/L335-bearbeitet.jpg\"><img loading=\"lazy\" decoding=\"async\" aria-describedby=\"caption-attachment-192\" class=\"size-full wp-image-192\" src=\"http:\/\/www.lebenswerter-braubach.de\/wp-content\/uploads\/2016\/02\/L335-bearbeitet.jpg\" alt=\"\u00dcbersicht der bestehenden und geplanten Ortsumgehungen.\" width=\"797\" height=\"548\" srcset=\"http:\/\/www.lebenswerter-braubach.de\/wp-content\/uploads\/2016\/02\/L335-bearbeitet.jpg 797w, http:\/\/www.lebenswerter-braubach.de\/wp-content\/uploads\/2016\/02\/L335-bearbeitet-300x206.jpg 300w\" sizes=\"auto, (max-width: 797px) 100vw, 797px\" \/><\/a><p id=\"caption-attachment-192\" class=\"wp-caption-text\">\u00dcbersicht der bestehenden und geplanten Ortsumgehungen.<\/p><\/div>\n<h6>Quelle: Google-Maps<\/h6>\n","protected":false},"excerpt":{"rendered":"<p>Zahllose Berufspendler m\u00fcssen Braubach zweimal am Tag passieren. Des Weiteren haben zahlreiche Speditionen die Landstra\u00dfe 335 als Mautausweichroute gew\u00e4hlt. Die Verbindung Koblenz \u00fcber die L335 zur B\u00e4derstra\u00dfe Richtung Wiesbaden bzw. Richtung Frankfurt wird f\u00fcr PKW mit etwa 40 Minuten Fahrtzeit &hellip; <a href=\"http:\/\/www.lebenswerter-braubach.de\/?page_id=191\">Weiterlesen <span class=\"meta-nav\">&rarr;<\/span><\/a><\/p>\n","protected":false},"author":8,"featured_media":0,"parent":0,"menu_order":0,"comment_status":"closed","ping_status":"closed","template":"","meta":{"footnotes":"","_links_to":"","_links_to_target":""},"class_list":["post-191","page","type-page","status-publish","hentry"],"_links":{"self":[{"href":"http:\/\/www.lebenswerter-braubach.de\/index.php?rest_route=\/wp\/v2\/pages\/191","targetHints":{"allow":["GET"]}}],"collection":[{"href":"http:\/\/www.lebenswerter-braubach.de\/index.php?rest_route=\/wp\/v2\/pages"}],"about":[{"href":"http:\/\/www.lebenswerter-braubach.de\/index.php?rest_route=\/wp\/v2\/types\/page"}],"author":[{"embeddable":true,"href":"http:\/\/www.lebenswerter-braubach.de\/index.php?rest_route=\/wp\/v2\/users\/8"}],"replies":[{"embeddable":true,"href":"http:\/\/www.lebenswerter-braubach.de\/index.php?rest_route=%2Fwp%2Fv2%2Fcomments&post=191"}],"version-history":[{"count":0,"href":"http:\/\/www.lebenswerter-braubach.de\/index.php?rest_route=\/wp\/v2\/pages\/191\/revisions"}],"wp:attachment":[{"href":"http:\/\/www.lebenswerter-braubach.de\/index.php?rest_route=%2Fwp%2Fv2%2Fmedia&parent=191"}],"curies":[{"name":"wp","href":"https:\/\/api.w.org\/{rel}","templated":true}]}}