{"id":199,"date":"2016-02-12T18:40:34","date_gmt":"2016-02-12T16:40:34","guid":{"rendered":"http:\/\/www.lebenswerter-braubach.de\/?page_id=199"},"modified":"2016-03-07T11:16:42","modified_gmt":"2016-03-07T09:16:42","slug":"bi-vorschlag-variante-1","status":"publish","type":"page","link":"http:\/\/www.lebenswerter-braubach.de\/?page_id=199","title":{"rendered":"BI L\u00f6sung 1"},"content":{"rendered":"<p style=\"text-align: justify;\"><span style=\"line-height: 115%; font-family: 'Arial','sans-serif'; font-size: 12pt;\"><span style=\"color: #000000;\">Bereits in den ersten Vorstandssitzungen befassten wir uns mit der Suche nach praktikablen und vor allem umsetzbaren L\u00f6sungsvorschl\u00e4gen f\u00fcr den Bau einer \u201eechten\u201c, also kompletten Ortsumgehung. <\/span><\/span><\/p>\n<p style=\"text-align: justify;\"><span style=\"line-height: 115%; font-family: 'Arial','sans-serif'; font-size: 12pt;\"><span style=\"color: #000000;\">Als erste M\u00f6glichkeit entstand der Gedanke, den Bergr\u00fccken im Bereich des alten Friedhofs zu \u00fcberqueren.<\/span><\/span><\/p>\n<p>\u00a0<a href=\"http:\/\/www.lebenswerter-braubach.de\/wp-content\/uploads\/2016\/02\/Folie24.jpg\"><img loading=\"lazy\" decoding=\"async\" class=\"aligncenter size-full wp-image-327\" src=\"http:\/\/www.lebenswerter-braubach.de\/wp-content\/uploads\/2016\/02\/Folie24.jpg\" alt=\"Folie24\" width=\"720\" height=\"540\" srcset=\"http:\/\/www.lebenswerter-braubach.de\/wp-content\/uploads\/2016\/02\/Folie24.jpg 720w, http:\/\/www.lebenswerter-braubach.de\/wp-content\/uploads\/2016\/02\/Folie24-300x225.jpg 300w\" sizes=\"auto, (max-width: 720px) 100vw, 720px\" \/><\/a><\/p>\n<p><u>Vorteile dieser L\u00f6sung:<\/u><\/p>\n<ol>\n<li>Kosteng\u00fcnstige L\u00f6sung, da kein Tunnel erforderlich wird!<\/li>\n<li>\u201eEchte\u201c, also komplette Ortsumfahrung.<\/li>\n<\/ol>\n","protected":false},"excerpt":{"rendered":"<p>Bereits in den ersten Vorstandssitzungen befassten wir uns mit der Suche nach praktikablen und vor allem umsetzbaren L\u00f6sungsvorschl\u00e4gen f\u00fcr den Bau einer \u201eechten\u201c, also kompletten Ortsumgehung. Als erste M\u00f6glichkeit entstand der Gedanke, den Bergr\u00fccken im Bereich des alten Friedhofs zu &hellip; <a href=\"http:\/\/www.lebenswerter-braubach.de\/?page_id=199\">Weiterlesen <span class=\"meta-nav\">&rarr;<\/span><\/a><\/p>\n","protected":false},"author":8,"featured_media":0,"parent":0,"menu_order":0,"comment_status":"closed","ping_status":"closed","template":"","meta":{"footnotes":"","_links_to":"","_links_to_target":""},"class_list":["post-199","page","type-page","status-publish","hentry"],"_links":{"self":[{"href":"http:\/\/www.lebenswerter-braubach.de\/index.php?rest_route=\/wp\/v2\/pages\/199","targetHints":{"allow":["GET"]}}],"collection":[{"href":"http:\/\/www.lebenswerter-braubach.de\/index.php?rest_route=\/wp\/v2\/pages"}],"about":[{"href":"http:\/\/www.lebenswerter-braubach.de\/index.php?rest_route=\/wp\/v2\/types\/page"}],"author":[{"embeddable":true,"href":"http:\/\/www.lebenswerter-braubach.de\/index.php?rest_route=\/wp\/v2\/users\/8"}],"replies":[{"embeddable":true,"href":"http:\/\/www.lebenswerter-braubach.de\/index.php?rest_route=%2Fwp%2Fv2%2Fcomments&post=199"}],"version-history":[{"count":0,"href":"http:\/\/www.lebenswerter-braubach.de\/index.php?rest_route=\/wp\/v2\/pages\/199\/revisions"}],"wp:attachment":[{"href":"http:\/\/www.lebenswerter-braubach.de\/index.php?rest_route=%2Fwp%2Fv2%2Fmedia&parent=199"}],"curies":[{"name":"wp","href":"https:\/\/api.w.org\/{rel}","templated":true}]}}