{"id":201,"date":"2016-02-12T18:40:49","date_gmt":"2016-02-12T16:40:49","guid":{"rendered":"http:\/\/www.lebenswerter-braubach.de\/?page_id=201"},"modified":"2016-03-07T11:16:58","modified_gmt":"2016-03-07T09:16:58","slug":"bi-vorschlag-variante-2","status":"publish","type":"page","link":"http:\/\/www.lebenswerter-braubach.de\/?page_id=201","title":{"rendered":"BI L\u00f6sungen 2 &#038; 3"},"content":{"rendered":"<p style=\"text-align: justify;\"><span style=\"line-height: 115%; font-family: 'Arial','sans-serif'; font-size: 12pt;\"><span style=\"color: #000000;\">Um Beeintr\u00e4chtigungen der Umwelt m\u00f6glichst gering zu halten, wurden als weitere L\u00f6sungsvorschl\u00e4ge\u00a0zwei Tunnelvarianten ausgearbeitet.\u00a0<\/span><\/span><span style=\"line-height: 115%; font-family: 'Arial','sans-serif'; font-size: 12pt;\"><span style=\"color: #000000;\">Beide Tunnell\u00f6sungen vereinen einen m\u00f6glichst geringen Eingriff in die Natur mit den Vorteilen einer \u201eechten\u201c Ortsumfahrung. <\/span><\/span><span style=\"line-height: 115%; font-family: 'Arial','sans-serif'; font-size: 12pt;\"><span style=\"color: #000000;\">Auch diese Varianten k\u00f6nnten an der B42 in H\u00f6he des ehemaligen Sportplatzes beginnen.<\/span><\/span><\/p>\n<p style=\"text-align: justify;\"><span style=\"line-height: 115%; font-family: 'Arial','sans-serif'; font-size: 12pt;\"><span style=\"color: #000000;\">Variante 2\u00a0w\u00fcrde dann durch den Berg bis weit hinter den Ortsausgang des Dachsenh\u00e4user-Tals gezogen werden.\u00a0 <\/span><\/span><span style=\"line-height: 115%; font-family: 'Arial','sans-serif'; font-size: 12pt;\"><span style=\"color: #000000;\">Je nach Ausf\u00fchrung w\u00e4re eine Tunnell\u00e4nge von ca. 400m \u2013 450m erforderlich. Rheinseitig w\u00e4re ein H\u00f6henunterschied von etwa 40m zu \u00fcberwinden<\/span><\/span><\/p>\n<div id=\"attachment_330\" style=\"width: 730px\" class=\"wp-caption alignnone\"><a href=\"http:\/\/www.lebenswerter-braubach.de\/wp-content\/uploads\/2016\/02\/Folie25.jpg\"><img loading=\"lazy\" decoding=\"async\" aria-describedby=\"caption-attachment-330\" class=\"wp-image-330 size-full\" src=\"http:\/\/www.lebenswerter-braubach.de\/wp-content\/uploads\/2016\/02\/Folie25.jpg\" alt=\"Folie25\" width=\"720\" height=\"540\" srcset=\"http:\/\/www.lebenswerter-braubach.de\/wp-content\/uploads\/2016\/02\/Folie25.jpg 720w, http:\/\/www.lebenswerter-braubach.de\/wp-content\/uploads\/2016\/02\/Folie25-300x225.jpg 300w\" sizes=\"auto, (max-width: 720px) 100vw, 720px\" \/><\/a><p id=\"caption-attachment-330\" class=\"wp-caption-text\">L\u00f6sung Nummer 2 mit einem l\u00e4ngeren, aber geraden Tunnel.<\/p><\/div>\n<p style=\"text-align: justify;\">Variante 3 weist einen kurzen aber gebogenen Tunnel auf. Wom\u00f6glich liese diese Variante kosteng\u00fcnstiger\u00a0umsetzen, als Variante 2.<\/p>\n<div id=\"attachment_332\" style=\"width: 730px\" class=\"wp-caption aligncenter\"><a href=\"http:\/\/www.lebenswerter-braubach.de\/wp-content\/uploads\/2016\/02\/Folie26.jpg\"><img loading=\"lazy\" decoding=\"async\" aria-describedby=\"caption-attachment-332\" class=\"size-full wp-image-332\" src=\"http:\/\/www.lebenswerter-braubach.de\/wp-content\/uploads\/2016\/02\/Folie26.jpg\" alt=\"Variante 3\" width=\"720\" height=\"540\" srcset=\"http:\/\/www.lebenswerter-braubach.de\/wp-content\/uploads\/2016\/02\/Folie26.jpg 720w, http:\/\/www.lebenswerter-braubach.de\/wp-content\/uploads\/2016\/02\/Folie26-300x225.jpg 300w\" sizes=\"auto, (max-width: 720px) 100vw, 720px\" \/><\/a><p id=\"caption-attachment-332\" class=\"wp-caption-text\">L\u00f6sung Nummer 3 mit kurzem aber gebogenem Tunnel.<\/p><\/div>\n<p>&nbsp;<\/p>\n<p><u>Vorteile dieser L\u00f6sungen:<\/u><\/p>\n<ol>\n<li>Umweltfreundlichere L\u00f6sung<\/li>\n<li>\u201eEchte\u201c, also komplette Ortsumfahrung.<\/li>\n<li>Relativ geringer Eingriff in das &#8222;Welterbe&#8220; Mittelrheintal<\/li>\n<\/ol>\n","protected":false},"excerpt":{"rendered":"<p>Um Beeintr\u00e4chtigungen der Umwelt m\u00f6glichst gering zu halten, wurden als weitere L\u00f6sungsvorschl\u00e4ge\u00a0zwei Tunnelvarianten ausgearbeitet.\u00a0Beide Tunnell\u00f6sungen vereinen einen m\u00f6glichst geringen Eingriff in die Natur mit den Vorteilen einer \u201eechten\u201c Ortsumfahrung. Auch diese Varianten k\u00f6nnten an der B42 in H\u00f6he des ehemaligen &hellip; <a href=\"http:\/\/www.lebenswerter-braubach.de\/?page_id=201\">Weiterlesen <span class=\"meta-nav\">&rarr;<\/span><\/a><\/p>\n","protected":false},"author":8,"featured_media":0,"parent":0,"menu_order":0,"comment_status":"closed","ping_status":"closed","template":"","meta":{"footnotes":"","_links_to":"","_links_to_target":""},"class_list":["post-201","page","type-page","status-publish","hentry"],"_links":{"self":[{"href":"http:\/\/www.lebenswerter-braubach.de\/index.php?rest_route=\/wp\/v2\/pages\/201","targetHints":{"allow":["GET"]}}],"collection":[{"href":"http:\/\/www.lebenswerter-braubach.de\/index.php?rest_route=\/wp\/v2\/pages"}],"about":[{"href":"http:\/\/www.lebenswerter-braubach.de\/index.php?rest_route=\/wp\/v2\/types\/page"}],"author":[{"embeddable":true,"href":"http:\/\/www.lebenswerter-braubach.de\/index.php?rest_route=\/wp\/v2\/users\/8"}],"replies":[{"embeddable":true,"href":"http:\/\/www.lebenswerter-braubach.de\/index.php?rest_route=%2Fwp%2Fv2%2Fcomments&post=201"}],"version-history":[{"count":0,"href":"http:\/\/www.lebenswerter-braubach.de\/index.php?rest_route=\/wp\/v2\/pages\/201\/revisions"}],"wp:attachment":[{"href":"http:\/\/www.lebenswerter-braubach.de\/index.php?rest_route=%2Fwp%2Fv2%2Fmedia&parent=201"}],"curies":[{"name":"wp","href":"https:\/\/api.w.org\/{rel}","templated":true}]}}