{"id":24,"date":"2015-08-05T22:37:31","date_gmt":"2015-08-05T20:37:31","guid":{"rendered":"http:\/\/www.lebenswerter-braubach.de\/?page_id=24"},"modified":"2026-03-01T20:22:39","modified_gmt":"2026-03-01T18:22:39","slug":"der-vorstand","status":"publish","type":"page","link":"http:\/\/www.lebenswerter-braubach.de\/?page_id=24","title":{"rendered":"Der Vorstand"},"content":{"rendered":"\n<ul class=\"wp-block-list\">\n<li><u>gesch\u00e4ftsf\u00fchrender Vorstand:<\/u> (seit 2013)<strong><u><br><\/u><\/strong>Vorsitzender: <strong>Helmut Veit<\/strong><br>2. Vorsitzender: <strong>Markus Fischer<\/strong><br>Kassenwart: <strong>Christian Vogt<\/strong><br>Schriftf\u00fchrer: <strong>Horst R\u00f6sner<\/strong><br><br><\/li>\n\n\n\n<li><span style=\"text-decoration: underline;\">aktive Beisitzer:<\/span><br><strong>Dr. Heinz Gemmer <\/strong>(seit 2016)<br><strong>Stefan Veit<\/strong> (seit 2013, Webredaktion)<br><strong>Florian Gerkens<\/strong> (seit 2023)<br><br><\/li>\n\n\n\n<li><p><u>Beirat:<br><\/u><strong>derzeit nicht besetzt<\/strong><\/p><\/li>\n<\/ul>\n\n\n<div class=\"wp-block-image\">\n<figure class=\"aligncenter\"><a href=\"http:\/\/www.lebenswerter-braubach.de\/wp-content\/uploads\/2015\/08\/2016-04-19-Jahreshauptversammlung-1.jpg\"><img loading=\"lazy\" decoding=\"async\" width=\"640\" height=\"427\" src=\"http:\/\/www.lebenswerter-braubach.de\/wp-content\/uploads\/2015\/08\/2016-04-19-Jahreshauptversammlung-1.jpg\" alt=\"2016-04-19 Jahreshauptversammlung\" class=\"wp-image-442\" srcset=\"http:\/\/www.lebenswerter-braubach.de\/wp-content\/uploads\/2015\/08\/2016-04-19-Jahreshauptversammlung-1.jpg 640w, http:\/\/www.lebenswerter-braubach.de\/wp-content\/uploads\/2015\/08\/2016-04-19-Jahreshauptversammlung-1-300x200.jpg 300w\" sizes=\"auto, (max-width: 640px) 100vw, 640px\" \/><\/a><figcaption class=\"wp-element-caption\">Der am 19.04.2016 neu gew\u00e4hlte Vorstand v.r.n.l.: Helmut Metz, Stefan Veit, Christian Vogt, Dr. Heinz Gemmer, Markus Fischer, Willi Volk, Helmut Veit, Rita Wolf (Foto: Frauke B\u00fcchner)<\/figcaption><\/figure>\n<\/div>\n\n\n<ul class=\"wp-block-list\">\n<li><span style=\"text-decoration: underline;\">ehemalige Vorstandsmitglieder:<strong><br><\/strong><\/span><strong>Karolin K\u00f6nig-Kunz<\/strong> (Beisitzer 2013-2014)<br><strong>Walter Gerkens<\/strong> (Beisitzer 2013 &#8211; 2016)<br><strong>Alexander Proff<\/strong> (Beisitzer 2013 &#8211; 2016)<br><strong>Frauke B\u00fcchner<\/strong> (Beisitzer 2013 &#8211; 2016)<br><strong>Helmut Metz <\/strong>(Beisitzer 2016 &#8211; 2019)<br><strong>Rita Wolf<\/strong> (Beisitzer 2016 &#8211; 2023)<br><strong>Willi Volk <\/strong>(Beisitzer 2013 &#8211; 2025)<br><br><\/li>\n\n\n\n<li><span style=\"text-decoration: underline;\">ehemalige Beir\u00e4te:<\/span><br><strong>Dr. Heinz Gemmer<\/strong> (Beirat 2013 &#8211; 2016)<br><strong>Helmut Metz<\/strong> (Beirat 2013 &#8211; 2016)<br><strong>Rita Wolf<\/strong> (Beirat 2014 &#8211; 2016)<br><strong>Florian Gerkens<\/strong> (Beirat 2022 &#8211; 2023)<\/li>\n<\/ul>\n\n\n\n<p class=\"has-text-align-center\"><em>Wir danken allen ehemaligen Mitstreitern f\u00fcr die tatkr\u00e4ftige Unterst\u00fctzung.<\/em><br>Stand 25.02.2026<\/p>\n","protected":false},"excerpt":{"rendered":"<p>Wir danken allen ehemaligen Mitstreitern f\u00fcr die tatkr\u00e4ftige Unterst\u00fctzung.Stand 25.02.2026<\/p>\n","protected":false},"author":1,"featured_media":0,"parent":0,"menu_order":3,"comment_status":"closed","ping_status":"closed","template":"","meta":{"footnotes":"","_links_to":"","_links_to_target":""},"class_list":["post-24","page","type-page","status-publish","hentry"],"_links":{"self":[{"href":"http:\/\/www.lebenswerter-braubach.de\/index.php?rest_route=\/wp\/v2\/pages\/24","targetHints":{"allow":["GET"]}}],"collection":[{"href":"http:\/\/www.lebenswerter-braubach.de\/index.php?rest_route=\/wp\/v2\/pages"}],"about":[{"href":"http:\/\/www.lebenswerter-braubach.de\/index.php?rest_route=\/wp\/v2\/types\/page"}],"author":[{"embeddable":true,"href":"http:\/\/www.lebenswerter-braubach.de\/index.php?rest_route=\/wp\/v2\/users\/1"}],"replies":[{"embeddable":true,"href":"http:\/\/www.lebenswerter-braubach.de\/index.php?rest_route=%2Fwp%2Fv2%2Fcomments&post=24"}],"version-history":[{"count":3,"href":"http:\/\/www.lebenswerter-braubach.de\/index.php?rest_route=\/wp\/v2\/pages\/24\/revisions"}],"predecessor-version":[{"id":955,"href":"http:\/\/www.lebenswerter-braubach.de\/index.php?rest_route=\/wp\/v2\/pages\/24\/revisions\/955"}],"wp:attachment":[{"href":"http:\/\/www.lebenswerter-braubach.de\/index.php?rest_route=%2Fwp%2Fv2%2Fmedia&parent=24"}],"curies":[{"name":"wp","href":"https:\/\/api.w.org\/{rel}","templated":true}]}}