{"id":268,"date":"2016-02-14T15:29:46","date_gmt":"2016-02-14T13:29:46","guid":{"rendered":"http:\/\/www.lebenswerter-braubach.de\/?page_id=268"},"modified":"2016-03-07T11:18:47","modified_gmt":"2016-03-07T09:18:47","slug":"die-verkehrssituation-im-rhein-lahn-kreis","status":"publish","type":"page","link":"http:\/\/www.lebenswerter-braubach.de\/?page_id=268","title":{"rendered":"Die Verkehrssituation im Rhein-Lahn-Kreis"},"content":{"rendered":"<p style=\"text-align: justify;\">Im Rhein-Lahn-Kreis &#8222;konkurrieren&#8220; zwei Stra\u00dfe als &#8222;Maut-Ausweich-Route&#8220; zwischen dem Koblenzer und dem Wiesbadener\/Frankfurter Raum. Zum einen ist es die B260 Lahnstein &#8211; Holzhausen an der Heide &#8211; Wiesbaden und die Landstra\u00dfe 335 Braubach &#8211; Holzhausen an der Heide &#8211; Wiesbaden (\u00fcber B260 auf A66).<\/p>\n<div id=\"attachment_271\" style=\"width: 650px\" class=\"wp-caption aligncenter\"><a href=\"http:\/\/www.lebenswerter-braubach.de\/wp-content\/uploads\/2016\/02\/beide-Stra\u00dfen-mit-umgehungen.jpg\"><img loading=\"lazy\" decoding=\"async\" aria-describedby=\"caption-attachment-271\" class=\"wp-image-271 size-large\" src=\"http:\/\/www.lebenswerter-braubach.de\/wp-content\/uploads\/2016\/02\/beide-Stra\u00dfen-mit-umgehungen-1024x647.jpg\" alt=\"B260 und L335 im direkten Vergleich. Rote Linien markieren Ortsumgehungen. Rot gepunktete Linien verweisen auf bereits geplante Ortsumgehungen. Nur in Braubach steht nach wie vor ein gro\u00dfes Fragezeichen!\" width=\"640\" height=\"404\" srcset=\"http:\/\/www.lebenswerter-braubach.de\/wp-content\/uploads\/2016\/02\/beide-Stra\u00dfen-mit-umgehungen-1024x647.jpg 1024w, http:\/\/www.lebenswerter-braubach.de\/wp-content\/uploads\/2016\/02\/beide-Stra\u00dfen-mit-umgehungen-300x190.jpg 300w, http:\/\/www.lebenswerter-braubach.de\/wp-content\/uploads\/2016\/02\/beide-Stra\u00dfen-mit-umgehungen.jpg 1392w\" sizes=\"auto, (max-width: 640px) 100vw, 640px\" \/><\/a><p id=\"caption-attachment-271\" class=\"wp-caption-text\">B260 und L335 im direkten Vergleich. Rote Linien markieren Ortsumgehungen. Rot gepunktete Linien verweisen auf bereits geplante Ortsumgehungen. Nur in Braubach steht nach wie vor ein gro\u00dfes Fragezeichen!<\/p><\/div>\n<p style=\"text-align: justify;\">Beide Stra\u00dfen, B260 und L335 sind nicht komplett mit Ortsumgehungen versehen und gelten somit als nicht optimal ausgebaut. Obwohl die B260 als Bundesstra\u00dfe einen h\u00f6heren Stellenwert f\u00fcr den Fern- und G\u00fcterverkehr haben sollte, nutzen viele Speditionen die L335 mit dem Nadel\u00f6hr &#8222;Obertor&#8220; in Braubach. Grund sind wahrscheinlich die Routenberechnungen moderner Navigationssysteme.<\/p>\n<p style=\"text-align: justify;\">So weisen beide Routen zwar eine identische Fahrzeit nach von Koblenz nach Holzhausen auf der Heide auf, tats\u00e4chlich gewinnt man auf dem Weg nach Frankfurt\/Wiesbaden wenige Minuten Zeit \u00fcber die Landstra\u00dfe 335, da diese ein paar Kilometer hinter Holzhausen auf der Heide auf die B260 trifft.<\/p>\n","protected":false},"excerpt":{"rendered":"<p>Im Rhein-Lahn-Kreis &#8222;konkurrieren&#8220; zwei Stra\u00dfe als &#8222;Maut-Ausweich-Route&#8220; zwischen dem Koblenzer und dem Wiesbadener\/Frankfurter Raum. Zum einen ist es die B260 Lahnstein &#8211; Holzhausen an der Heide &#8211; Wiesbaden und die Landstra\u00dfe 335 Braubach &#8211; Holzhausen an der Heide &#8211; Wiesbaden &hellip; <a href=\"http:\/\/www.lebenswerter-braubach.de\/?page_id=268\">Weiterlesen <span class=\"meta-nav\">&rarr;<\/span><\/a><\/p>\n","protected":false},"author":8,"featured_media":0,"parent":0,"menu_order":0,"comment_status":"closed","ping_status":"closed","template":"","meta":{"footnotes":"","_links_to":"","_links_to_target":""},"class_list":["post-268","page","type-page","status-publish","hentry"],"_links":{"self":[{"href":"http:\/\/www.lebenswerter-braubach.de\/index.php?rest_route=\/wp\/v2\/pages\/268","targetHints":{"allow":["GET"]}}],"collection":[{"href":"http:\/\/www.lebenswerter-braubach.de\/index.php?rest_route=\/wp\/v2\/pages"}],"about":[{"href":"http:\/\/www.lebenswerter-braubach.de\/index.php?rest_route=\/wp\/v2\/types\/page"}],"author":[{"embeddable":true,"href":"http:\/\/www.lebenswerter-braubach.de\/index.php?rest_route=\/wp\/v2\/users\/8"}],"replies":[{"embeddable":true,"href":"http:\/\/www.lebenswerter-braubach.de\/index.php?rest_route=%2Fwp%2Fv2%2Fcomments&post=268"}],"version-history":[{"count":0,"href":"http:\/\/www.lebenswerter-braubach.de\/index.php?rest_route=\/wp\/v2\/pages\/268\/revisions"}],"wp:attachment":[{"href":"http:\/\/www.lebenswerter-braubach.de\/index.php?rest_route=%2Fwp%2Fv2%2Fmedia&parent=268"}],"curies":[{"name":"wp","href":"https:\/\/api.w.org\/{rel}","templated":true}]}}