{"id":283,"date":"2016-02-14T16:49:53","date_gmt":"2016-02-14T14:49:53","guid":{"rendered":"http:\/\/www.lebenswerter-braubach.de\/?page_id=283"},"modified":"2016-02-14T19:25:32","modified_gmt":"2016-02-14T17:25:32","slug":"verkehrsproblem-kreuzung","status":"publish","type":"page","link":"http:\/\/www.lebenswerter-braubach.de\/?page_id=283","title":{"rendered":"Verkehrsproblem Kreuzung am &#8222;Dalles&#8220;"},"content":{"rendered":"<p style=\"text-align: justify;\">Ein gro\u00dfes Verkehrsproblem stellt die Kreuzung Rheinstra\u00dfe\u00a0\/ Wilhelmstra\u00dfe\u00a0\/ Ober- und Unterallestra\u00dfe dar. Gro\u00dffahrzeuge wie LKWs und Busse, welche die Kreuzung in Richtung Dachsenhausen befahren m\u00fcssen, sind gezwungen \u00fcber die Gegenspur auszuholen, um nicht mit dem Schutzgel\u00e4nder des Gehweges in H\u00f6he der ehemaligen Metzgerei Schlusnus zu kollidieren.<\/p>\n<p style=\"text-align: justify;\">Die folgenden Aufnahmen zeigen exemplarisch, wie weit die Fahrman\u00f6ver in den Gegenverkehr eingreifen. Vor allem im Berufsverkehr kommt es auch hier oft zu minutenlangen Staus. Den Kraftfahren ist hier kein Vorwurf zu machen, da der enge Kurvenbereich kein anderes Man\u00f6ver zul\u00e4sst.<\/p>\n<p style=\"text-align: justify;\">\u00a0<a href=\"http:\/\/www.lebenswerter-braubach.de\/wp-content\/uploads\/2016\/02\/Kreuzung-1.jpg\"><img loading=\"lazy\" decoding=\"async\" class=\"aligncenter size-large wp-image-285\" src=\"http:\/\/www.lebenswerter-braubach.de\/wp-content\/uploads\/2016\/02\/Kreuzung-1-1024x681.jpg\" alt=\"Kreuzung 1\" width=\"640\" height=\"426\" srcset=\"http:\/\/www.lebenswerter-braubach.de\/wp-content\/uploads\/2016\/02\/Kreuzung-1-1024x681.jpg 1024w, http:\/\/www.lebenswerter-braubach.de\/wp-content\/uploads\/2016\/02\/Kreuzung-1-300x199.jpg 300w\" sizes=\"auto, (max-width: 640px) 100vw, 640px\" \/><\/a><a href=\"http:\/\/www.lebenswerter-braubach.de\/wp-content\/uploads\/2016\/02\/Kreuzung-2.jpg\"><img loading=\"lazy\" decoding=\"async\" class=\"aligncenter size-large wp-image-286\" src=\"http:\/\/www.lebenswerter-braubach.de\/wp-content\/uploads\/2016\/02\/Kreuzung-2-1024x768.jpg\" alt=\"Kreuzung 2\" width=\"640\" height=\"480\" srcset=\"http:\/\/www.lebenswerter-braubach.de\/wp-content\/uploads\/2016\/02\/Kreuzung-2-1024x768.jpg 1024w, http:\/\/www.lebenswerter-braubach.de\/wp-content\/uploads\/2016\/02\/Kreuzung-2-300x225.jpg 300w\" sizes=\"auto, (max-width: 640px) 100vw, 640px\" \/><\/a><a href=\"http:\/\/www.lebenswerter-braubach.de\/wp-content\/uploads\/2016\/02\/Kreuzung-3.jpg\"><img loading=\"lazy\" decoding=\"async\" class=\"aligncenter size-large wp-image-287\" src=\"http:\/\/www.lebenswerter-braubach.de\/wp-content\/uploads\/2016\/02\/Kreuzung-3-1024x692.jpg\" alt=\"Kreuzung 3\" width=\"640\" height=\"433\" srcset=\"http:\/\/www.lebenswerter-braubach.de\/wp-content\/uploads\/2016\/02\/Kreuzung-3-1024x692.jpg 1024w, http:\/\/www.lebenswerter-braubach.de\/wp-content\/uploads\/2016\/02\/Kreuzung-3-300x203.jpg 300w\" sizes=\"auto, (max-width: 640px) 100vw, 640px\" \/><\/a><a href=\"http:\/\/www.lebenswerter-braubach.de\/wp-content\/uploads\/2016\/02\/Kreuzung-4.jpg\"><img loading=\"lazy\" decoding=\"async\" class=\"aligncenter size-large wp-image-288\" src=\"http:\/\/www.lebenswerter-braubach.de\/wp-content\/uploads\/2016\/02\/Kreuzung-4-1024x722.jpg\" alt=\"Kreuzung 4\" width=\"640\" height=\"451\" srcset=\"http:\/\/www.lebenswerter-braubach.de\/wp-content\/uploads\/2016\/02\/Kreuzung-4-1024x722.jpg 1024w, http:\/\/www.lebenswerter-braubach.de\/wp-content\/uploads\/2016\/02\/Kreuzung-4-300x211.jpg 300w\" sizes=\"auto, (max-width: 640px) 100vw, 640px\" \/><\/a><\/p>\n","protected":false},"excerpt":{"rendered":"<p>Ein gro\u00dfes Verkehrsproblem stellt die Kreuzung Rheinstra\u00dfe\u00a0\/ Wilhelmstra\u00dfe\u00a0\/ Ober- und Unterallestra\u00dfe dar. Gro\u00dffahrzeuge wie LKWs und Busse, welche die Kreuzung in Richtung Dachsenhausen befahren m\u00fcssen, sind gezwungen \u00fcber die Gegenspur auszuholen, um nicht mit dem Schutzgel\u00e4nder des Gehweges in H\u00f6he &hellip; <a href=\"http:\/\/www.lebenswerter-braubach.de\/?page_id=283\">Weiterlesen <span class=\"meta-nav\">&rarr;<\/span><\/a><\/p>\n","protected":false},"author":8,"featured_media":0,"parent":0,"menu_order":0,"comment_status":"closed","ping_status":"closed","template":"","meta":{"footnotes":"","_links_to":"","_links_to_target":""},"class_list":["post-283","page","type-page","status-publish","hentry"],"_links":{"self":[{"href":"http:\/\/www.lebenswerter-braubach.de\/index.php?rest_route=\/wp\/v2\/pages\/283","targetHints":{"allow":["GET"]}}],"collection":[{"href":"http:\/\/www.lebenswerter-braubach.de\/index.php?rest_route=\/wp\/v2\/pages"}],"about":[{"href":"http:\/\/www.lebenswerter-braubach.de\/index.php?rest_route=\/wp\/v2\/types\/page"}],"author":[{"embeddable":true,"href":"http:\/\/www.lebenswerter-braubach.de\/index.php?rest_route=\/wp\/v2\/users\/8"}],"replies":[{"embeddable":true,"href":"http:\/\/www.lebenswerter-braubach.de\/index.php?rest_route=%2Fwp%2Fv2%2Fcomments&post=283"}],"version-history":[{"count":0,"href":"http:\/\/www.lebenswerter-braubach.de\/index.php?rest_route=\/wp\/v2\/pages\/283\/revisions"}],"wp:attachment":[{"href":"http:\/\/www.lebenswerter-braubach.de\/index.php?rest_route=%2Fwp%2Fv2%2Fmedia&parent=283"}],"curies":[{"name":"wp","href":"https:\/\/api.w.org\/{rel}","templated":true}]}}