{"id":291,"date":"2016-02-14T16:59:43","date_gmt":"2016-02-14T14:59:43","guid":{"rendered":"http:\/\/www.lebenswerter-braubach.de\/?page_id=291"},"modified":"2016-02-14T19:23:33","modified_gmt":"2016-02-14T17:23:33","slug":"verkehrsproblem-nadeloehr","status":"publish","type":"page","link":"http:\/\/www.lebenswerter-braubach.de\/?page_id=291","title":{"rendered":"Verkehrsproblem Nadel\u00f6hr &#8222;Obertor&#8220;"},"content":{"rendered":"<p style=\"text-align: justify;\">2x t\u00e4glich w\u00e4hrend des Berufsverkehrs wird die Ortsdurchfahrt f\u00fcr alle beteiligten zur Geduldsprobe. Minutenlange Staus vor dem Obertor stehen auf der Tagesordnung. Zum Leitwesen der Anwohner aber auch der Berufspendler und Kraftfahrer geht oft nichts mehr. Vor allem die Verkehrsteilnehmer in Fahrtrichtung Dachsenhausen brauchen oft gute Nerven, bis sie die Ortsdurchfahrt Braubach bzw. das Nadel\u00f6hr &#8222;Obertor&#8220; passiert haben. W\u00e4hrend dieser Phasen ist es selbst f\u00fcr Rettungskr\u00e4fte von Polizei, Feuerwehr und Rettungsdienst kaum m\u00f6glich, die Ortsdurchfahrt in kurzer Zeit zu passieren.<\/p>\n<p style=\"text-align: justify;\">\u00a0<a href=\"http:\/\/www.lebenswerter-braubach.de\/wp-content\/uploads\/2016\/02\/Berufsverkehr-1.jpg\"><img loading=\"lazy\" decoding=\"async\" class=\"aligncenter size-large wp-image-294\" src=\"http:\/\/www.lebenswerter-braubach.de\/wp-content\/uploads\/2016\/02\/Berufsverkehr-1-866x1024.jpg\" alt=\"Berufsverkehr 1\" width=\"640\" height=\"757\" srcset=\"http:\/\/www.lebenswerter-braubach.de\/wp-content\/uploads\/2016\/02\/Berufsverkehr-1-866x1024.jpg 866w, http:\/\/www.lebenswerter-braubach.de\/wp-content\/uploads\/2016\/02\/Berufsverkehr-1-254x300.jpg 254w, http:\/\/www.lebenswerter-braubach.de\/wp-content\/uploads\/2016\/02\/Berufsverkehr-1.jpg 1944w\" sizes=\"auto, (max-width: 640px) 100vw, 640px\" \/><\/a><a href=\"http:\/\/www.lebenswerter-braubach.de\/wp-content\/uploads\/2016\/02\/Berufsverkehr-2.jpg\"><img loading=\"lazy\" decoding=\"async\" class=\"aligncenter size-large wp-image-295\" src=\"http:\/\/www.lebenswerter-braubach.de\/wp-content\/uploads\/2016\/02\/Berufsverkehr-2-1024x1018.jpg\" alt=\"Berufsverkehr 2\" width=\"640\" height=\"636\" srcset=\"http:\/\/www.lebenswerter-braubach.de\/wp-content\/uploads\/2016\/02\/Berufsverkehr-2-1024x1018.jpg 1024w, http:\/\/www.lebenswerter-braubach.de\/wp-content\/uploads\/2016\/02\/Berufsverkehr-2-150x150.jpg 150w, http:\/\/www.lebenswerter-braubach.de\/wp-content\/uploads\/2016\/02\/Berufsverkehr-2-300x298.jpg 300w, http:\/\/www.lebenswerter-braubach.de\/wp-content\/uploads\/2016\/02\/Berufsverkehr-2.jpg 1651w\" sizes=\"auto, (max-width: 640px) 100vw, 640px\" \/><\/a><a href=\"http:\/\/www.lebenswerter-braubach.de\/wp-content\/uploads\/2016\/02\/Berufsverkehr-3.jpg\"><img loading=\"lazy\" decoding=\"async\" class=\"aligncenter size-large wp-image-296\" src=\"http:\/\/www.lebenswerter-braubach.de\/wp-content\/uploads\/2016\/02\/Berufsverkehr-3-1024x781.jpg\" alt=\"Berufsverkehr 3\" width=\"640\" height=\"488\" srcset=\"http:\/\/www.lebenswerter-braubach.de\/wp-content\/uploads\/2016\/02\/Berufsverkehr-3-1024x781.jpg 1024w, http:\/\/www.lebenswerter-braubach.de\/wp-content\/uploads\/2016\/02\/Berufsverkehr-3-300x229.jpg 300w\" sizes=\"auto, (max-width: 640px) 100vw, 640px\" \/><\/a><\/p>\n","protected":false},"excerpt":{"rendered":"<p>2x t\u00e4glich w\u00e4hrend des Berufsverkehrs wird die Ortsdurchfahrt f\u00fcr alle beteiligten zur Geduldsprobe. Minutenlange Staus vor dem Obertor stehen auf der Tagesordnung. Zum Leitwesen der Anwohner aber auch der Berufspendler und Kraftfahrer geht oft nichts mehr. Vor allem die Verkehrsteilnehmer &hellip; <a href=\"http:\/\/www.lebenswerter-braubach.de\/?page_id=291\">Weiterlesen <span class=\"meta-nav\">&rarr;<\/span><\/a><\/p>\n","protected":false},"author":8,"featured_media":0,"parent":0,"menu_order":0,"comment_status":"closed","ping_status":"closed","template":"","meta":{"footnotes":"","_links_to":"","_links_to_target":""},"class_list":["post-291","page","type-page","status-publish","hentry"],"_links":{"self":[{"href":"http:\/\/www.lebenswerter-braubach.de\/index.php?rest_route=\/wp\/v2\/pages\/291","targetHints":{"allow":["GET"]}}],"collection":[{"href":"http:\/\/www.lebenswerter-braubach.de\/index.php?rest_route=\/wp\/v2\/pages"}],"about":[{"href":"http:\/\/www.lebenswerter-braubach.de\/index.php?rest_route=\/wp\/v2\/types\/page"}],"author":[{"embeddable":true,"href":"http:\/\/www.lebenswerter-braubach.de\/index.php?rest_route=\/wp\/v2\/users\/8"}],"replies":[{"embeddable":true,"href":"http:\/\/www.lebenswerter-braubach.de\/index.php?rest_route=%2Fwp%2Fv2%2Fcomments&post=291"}],"version-history":[{"count":0,"href":"http:\/\/www.lebenswerter-braubach.de\/index.php?rest_route=\/wp\/v2\/pages\/291\/revisions"}],"wp:attachment":[{"href":"http:\/\/www.lebenswerter-braubach.de\/index.php?rest_route=%2Fwp%2Fv2%2Fmedia&parent=291"}],"curies":[{"name":"wp","href":"https:\/\/api.w.org\/{rel}","templated":true}]}}