{"id":303,"date":"2016-02-14T19:25:57","date_gmt":"2016-02-14T17:25:57","guid":{"rendered":"http:\/\/www.lebenswerter-braubach.de\/?page_id=303"},"modified":"2016-02-17T18:09:11","modified_gmt":"2016-02-17T16:09:11","slug":"verkehrsproblem-begegnungsverkehr","status":"publish","type":"page","link":"http:\/\/www.lebenswerter-braubach.de\/?page_id=303","title":{"rendered":"Verkehrsproblem: Begegnungsverkehr"},"content":{"rendered":"<p style=\"text-align: justify;\">Gerade im Bereich der Rheinstra\u00dfe, der Oberalleestra\u00dfe sowie der Brunnenstra\u00dfe gestaltet sich der Begegnungsverkehr als sehr problematisch. Im wahrsten Sinne des Wortes kommt manch LKW den Anwohner zum Greifen nahe.<\/p>\n<div id=\"attachment_355\" style=\"width: 650px\" class=\"wp-caption aligncenter\"><a href=\"http:\/\/www.lebenswerter-braubach.de\/wp-content\/uploads\/2016\/02\/Begegnung-5.jpg\"><img loading=\"lazy\" decoding=\"async\" aria-describedby=\"caption-attachment-355\" class=\"wp-image-355 size-large\" src=\"http:\/\/www.lebenswerter-braubach.de\/wp-content\/uploads\/2016\/02\/Begegnung-5-1024x937.jpg\" alt=\"Begegnung 5\" width=\"640\" height=\"586\" srcset=\"http:\/\/www.lebenswerter-braubach.de\/wp-content\/uploads\/2016\/02\/Begegnung-5-1024x937.jpg 1024w, http:\/\/www.lebenswerter-braubach.de\/wp-content\/uploads\/2016\/02\/Begegnung-5-300x275.jpg 300w\" sizes=\"auto, (max-width: 640px) 100vw, 640px\" \/><\/a><p id=\"caption-attachment-355\" class=\"wp-caption-text\">Monatlich werden im Begegnungsverkehr parkende Fahrzeuge besch\u00e4digt. Abgefahrene Au\u00dfenspiegel geh\u00f6ren in den Alltag. Vor allem ausw\u00e4rtige Besucher trifft dies unerwartet. Die Anwohner wissen mittlerweile, wie man am besten Parken sollte um solch \u00dcberraschungen zu vermeiden.<\/p><\/div>\n<p style=\"text-align: justify;\"><a href=\"http:\/\/www.lebenswerter-braubach.de\/wp-content\/uploads\/2016\/02\/Begegnung-11.jpg\"><img loading=\"lazy\" decoding=\"async\" class=\"aligncenter size-large wp-image-309\" src=\"http:\/\/www.lebenswerter-braubach.de\/wp-content\/uploads\/2016\/02\/Begegnung-11-1024x718.jpg\" alt=\"Begegnung 1\" width=\"640\" height=\"449\" srcset=\"http:\/\/www.lebenswerter-braubach.de\/wp-content\/uploads\/2016\/02\/Begegnung-11-1024x718.jpg 1024w, http:\/\/www.lebenswerter-braubach.de\/wp-content\/uploads\/2016\/02\/Begegnung-11-300x210.jpg 300w, http:\/\/www.lebenswerter-braubach.de\/wp-content\/uploads\/2016\/02\/Begegnung-11.jpg 1688w\" sizes=\"auto, (max-width: 640px) 100vw, 640px\" \/><\/a><\/p>\n<p style=\"text-align: justify;\"><a href=\"http:\/\/www.lebenswerter-braubach.de\/wp-content\/uploads\/2016\/02\/Begegnung-21.jpg\"><img loading=\"lazy\" decoding=\"async\" class=\"aligncenter size-large wp-image-310\" src=\"http:\/\/www.lebenswerter-braubach.de\/wp-content\/uploads\/2016\/02\/Begegnung-21-1024x768.jpg\" alt=\"Begegnung 2\" width=\"640\" height=\"480\" srcset=\"http:\/\/www.lebenswerter-braubach.de\/wp-content\/uploads\/2016\/02\/Begegnung-21-1024x768.jpg 1024w, http:\/\/www.lebenswerter-braubach.de\/wp-content\/uploads\/2016\/02\/Begegnung-21-300x225.jpg 300w\" sizes=\"auto, (max-width: 640px) 100vw, 640px\" \/><\/a><\/p>\n<p style=\"text-align: justify;\"><a href=\"http:\/\/www.lebenswerter-braubach.de\/wp-content\/uploads\/2016\/02\/Begegnung-3.jpg\"><img loading=\"lazy\" decoding=\"async\" class=\"aligncenter size-large wp-image-311\" src=\"http:\/\/www.lebenswerter-braubach.de\/wp-content\/uploads\/2016\/02\/Begegnung-3-729x1024.jpg\" alt=\"Begegnung 3\" width=\"640\" height=\"899\" srcset=\"http:\/\/www.lebenswerter-braubach.de\/wp-content\/uploads\/2016\/02\/Begegnung-3-729x1024.jpg 729w, http:\/\/www.lebenswerter-braubach.de\/wp-content\/uploads\/2016\/02\/Begegnung-3-213x300.jpg 213w, http:\/\/www.lebenswerter-braubach.de\/wp-content\/uploads\/2016\/02\/Begegnung-3.jpg 1184w\" sizes=\"auto, (max-width: 640px) 100vw, 640px\" \/><\/a><\/p>\n<p style=\"text-align: justify;\"><a href=\"http:\/\/www.lebenswerter-braubach.de\/wp-content\/uploads\/2016\/02\/Begegnung-4.jpg\"><img loading=\"lazy\" decoding=\"async\" class=\"aligncenter size-large wp-image-312\" src=\"http:\/\/www.lebenswerter-braubach.de\/wp-content\/uploads\/2016\/02\/Begegnung-4-1024x843.jpg\" alt=\"Begegnung 4\" width=\"640\" height=\"527\" srcset=\"http:\/\/www.lebenswerter-braubach.de\/wp-content\/uploads\/2016\/02\/Begegnung-4-1024x843.jpg 1024w, http:\/\/www.lebenswerter-braubach.de\/wp-content\/uploads\/2016\/02\/Begegnung-4-300x247.jpg 300w\" sizes=\"auto, (max-width: 640px) 100vw, 640px\" \/><\/a><\/p>\n","protected":false},"excerpt":{"rendered":"<p>Gerade im Bereich der Rheinstra\u00dfe, der Oberalleestra\u00dfe sowie der Brunnenstra\u00dfe gestaltet sich der Begegnungsverkehr als sehr problematisch. Im wahrsten Sinne des Wortes kommt manch LKW den Anwohner zum Greifen nahe.<\/p>\n","protected":false},"author":8,"featured_media":0,"parent":0,"menu_order":0,"comment_status":"closed","ping_status":"closed","template":"","meta":{"footnotes":"","_links_to":"","_links_to_target":""},"class_list":["post-303","page","type-page","status-publish","hentry"],"_links":{"self":[{"href":"http:\/\/www.lebenswerter-braubach.de\/index.php?rest_route=\/wp\/v2\/pages\/303","targetHints":{"allow":["GET"]}}],"collection":[{"href":"http:\/\/www.lebenswerter-braubach.de\/index.php?rest_route=\/wp\/v2\/pages"}],"about":[{"href":"http:\/\/www.lebenswerter-braubach.de\/index.php?rest_route=\/wp\/v2\/types\/page"}],"author":[{"embeddable":true,"href":"http:\/\/www.lebenswerter-braubach.de\/index.php?rest_route=\/wp\/v2\/users\/8"}],"replies":[{"embeddable":true,"href":"http:\/\/www.lebenswerter-braubach.de\/index.php?rest_route=%2Fwp%2Fv2%2Fcomments&post=303"}],"version-history":[{"count":0,"href":"http:\/\/www.lebenswerter-braubach.de\/index.php?rest_route=\/wp\/v2\/pages\/303\/revisions"}],"wp:attachment":[{"href":"http:\/\/www.lebenswerter-braubach.de\/index.php?rest_route=%2Fwp%2Fv2%2Fmedia&parent=303"}],"curies":[{"name":"wp","href":"https:\/\/api.w.org\/{rel}","templated":true}]}}