{"id":314,"date":"2016-02-16T13:10:36","date_gmt":"2016-02-16T11:10:36","guid":{"rendered":"http:\/\/www.lebenswerter-braubach.de\/?page_id=314"},"modified":"2016-02-16T17:39:44","modified_gmt":"2016-02-16T15:39:44","slug":"verkehrs-risiko-fussgaengerueberweg-rheinstrasse","status":"publish","type":"page","link":"http:\/\/www.lebenswerter-braubach.de\/?page_id=314","title":{"rendered":"Verkehrs-RISIKO: Fu\u00dfg\u00e4nger\u00fcberweg Rheinstra\u00dfe"},"content":{"rendered":"<p style=\"text-align: justify;\"><span style=\"line-height: 115%; font-family: 'Arial','sans-serif'; font-size: 12pt;\"><span style=\"color: #000000;\">Wissentlich, dass noch viele Jahre vergehen werden, bis mit der Umsetzung und dem Bau einer Umgehungsstra\u00dfe begonnen werden kann, setzen wir uns zeitgleich f\u00fcr mehr Sicherheit im Braubacher Stra\u00dfenverkehr ein.<\/span><\/span><\/p>\n<p style=\"text-align: justify;\"><span style=\"line-height: 115%; font-family: 'Arial','sans-serif'; font-size: 12pt;\"><span style=\"color: #000000;\">Der Fu\u00dfg\u00e4nger\u00fcbergang in der Rheinstra\u00dfe wird mittlerweile sehr h\u00e4ufig von Verkehrsteilnehmern missachtet. Gef\u00e4hrliche Situationen f\u00fcr Fu\u00dfg\u00e4nger sind\u00a0leider an der Tagesordnung und erste Unf\u00e4lle mit Verletzungen hat es bereits gegeben.<\/span><\/span><\/p>\n<div id=\"attachment_315\" style=\"width: 650px\" class=\"wp-caption aligncenter\"><a href=\"http:\/\/www.lebenswerter-braubach.de\/wp-content\/uploads\/2016\/02\/Zebra-1.jpg\"><img loading=\"lazy\" decoding=\"async\" aria-describedby=\"caption-attachment-315\" class=\"wp-image-315 size-large\" src=\"http:\/\/www.lebenswerter-braubach.de\/wp-content\/uploads\/2016\/02\/Zebra-1-1024x671.jpg\" alt=\"Zebra 1\" width=\"640\" height=\"419\" srcset=\"http:\/\/www.lebenswerter-braubach.de\/wp-content\/uploads\/2016\/02\/Zebra-1-1024x671.jpg 1024w, http:\/\/www.lebenswerter-braubach.de\/wp-content\/uploads\/2016\/02\/Zebra-1-300x197.jpg 300w\" sizes=\"auto, (max-width: 640px) 100vw, 640px\" \/><\/a><p id=\"caption-attachment-315\" class=\"wp-caption-text\">Sichtbereich eines PKW-Fahrer aus Dachsenhausen kommend. Durch die A-S\u00e4ule des Fahrzeuges wird zeitweise die Sicht auf den linken Einstieg in den Fu\u00dfg\u00e4nger\u00fcberweg verhindert. LKWs und Busse haben gleicherma\u00dfen einen toten Winkel. Gegenverkehr, tagesabh\u00e4ngiges Gegenlicht, Bepflanzung und vieles mehr versch\u00e4rfen die Situation.<\/p><\/div>\n<p style=\"text-align: justify;\"><span style=\"line-height: 115%; font-family: 'Arial','sans-serif'; font-size: 12pt;\"><span style=\"color: #000000;\">Sichere Schulwege entlang der L335 Ortsdurchfahrt gibt es schon lange nicht mehr. Gerade ortsfremde Verkehrsteilnehmer \u00fcberfahren den in einer Kurve und gleichzeitig in einem Kreuzungsbereich liegenden Fu\u00dfg\u00e4nger\u00fcbergang ungebremst. <\/span><\/span><\/p>\n<div id=\"attachment_316\" style=\"width: 650px\" class=\"wp-caption aligncenter\"><a href=\"http:\/\/www.lebenswerter-braubach.de\/wp-content\/uploads\/2016\/02\/Zebra-2.jpg\"><img loading=\"lazy\" decoding=\"async\" aria-describedby=\"caption-attachment-316\" class=\"wp-image-316 size-large\" src=\"http:\/\/www.lebenswerter-braubach.de\/wp-content\/uploads\/2016\/02\/Zebra-2-1024x708.jpg\" alt=\"Zebra 2\" width=\"640\" height=\"443\" srcset=\"http:\/\/www.lebenswerter-braubach.de\/wp-content\/uploads\/2016\/02\/Zebra-2-1024x708.jpg 1024w, http:\/\/www.lebenswerter-braubach.de\/wp-content\/uploads\/2016\/02\/Zebra-2-300x207.jpg 300w\" sizes=\"auto, (max-width: 640px) 100vw, 640px\" \/><\/a><p id=\"caption-attachment-316\" class=\"wp-caption-text\">Beispiel f\u00fcr m\u00f6glichen toten Winkel von PKWs, LKWs und Bussen. Ein ortsunkundiger Kraftfahrer, der an dieser Stelle erst die tats\u00e4chliche Verkehrslage \u00fcberblickt ben\u00f6tigt mit optimaler Reaktionszeit einen Bremsweg von etwa 15m, um seinen beladenen LKW zum Stehen zu bringen. Viele Kraftfahrer schaffen dies nicht rechtzeitig. Selbst bei nur geringf\u00fcgiger \u00dcberschreitung der vorgegebenen H\u00f6chstgeschwindigkeit betr\u00e4gt der Anhalteweg bei optimaler Reaktionszeit schon 22m! (40 km\/h) Bei beiden Rechnungen wurde ein trockener Fahrbahnbelag angenommen.<\/p><\/div>\n<p>&nbsp;<\/p>\n<p style=\"text-align: justify;\">Aufgrund der Kurvenlage liegt f\u00fcr Fahrzeuge aus Dachsenhausen kommend, der linke Zugang zum Fu\u00dfg\u00e4nger\u00fcberweg im toten Winkel der Fahrzeug-A-S\u00e4ule. Gegenverkehr, Gegenlicht an Nachmittagen und die Begr\u00fcnung durch B\u00e4ume machen eine sicher Einsicht in den kompletten \u00dcberwegbereich fast UNM\u00d6GLICH. Dennoch\u00a0ist immer wieder zu beobachten, wie Fahrzeuge ungebremst den Fu\u00dfg\u00e4nger\u00fcberweg passieren.<\/p>\n<div id=\"attachment_317\" style=\"width: 650px\" class=\"wp-caption aligncenter\"><a href=\"http:\/\/www.lebenswerter-braubach.de\/wp-content\/uploads\/2016\/02\/Zebra-3.jpg\"><img loading=\"lazy\" decoding=\"async\" aria-describedby=\"caption-attachment-317\" class=\"wp-image-317 size-large\" src=\"http:\/\/www.lebenswerter-braubach.de\/wp-content\/uploads\/2016\/02\/Zebra-3-1024x941.jpg\" alt=\"Je nach Gr\u00f6\u00dfe und Lage der A-S\u00e4ule und nach Fahrzeugposition kann der Bereich des toten Winkel unterschiedlich gro\u00df und die Sichteinschr\u00e4nkung unterschiedlich langanadauernd sein.\" width=\"640\" height=\"588\" srcset=\"http:\/\/www.lebenswerter-braubach.de\/wp-content\/uploads\/2016\/02\/Zebra-3-1024x941.jpg 1024w, http:\/\/www.lebenswerter-braubach.de\/wp-content\/uploads\/2016\/02\/Zebra-3-300x276.jpg 300w\" sizes=\"auto, (max-width: 640px) 100vw, 640px\" \/><\/a><p id=\"caption-attachment-317\" class=\"wp-caption-text\">Je nach Gr\u00f6\u00dfe und Lage der A-S\u00e4ule und nach Fahrzeugposition kann der Bereich des toten Winkel unterschiedlich gro\u00df und die entstandene Sichteinschr\u00e4nkung unterschiedlich langanadauernd sein.<\/p><\/div>\n<p style=\"text-align: justify;\">Versch\u00e4rfend\u00a0kommt hinzu, dass der Fu\u00dfg\u00e4nger\u00fcberweg\u00a0trotz uneinsichtiger Kurvenlage, nicht schon in der Oberalleestra\u00dfe angek\u00fcndigt wird. Vor allem\u00a0ortunkundige, ausw\u00e4rtige\u00a0PKW- und LKW-Fahrer nehmen ihn oft zu sp\u00e4t war und k\u00f6nnen nicht mehr rechtzeitig f\u00fcr Fu\u00dfg\u00e4nger abbremsen. In der Folge wird der Fu\u00dfg\u00e4nger\u00fcberweg\u00a0dann mit unverminderter Geschwindigkeit \u00fcberrollt.<\/p>\n<div id=\"attachment_318\" style=\"width: 650px\" class=\"wp-caption aligncenter\"><a href=\"http:\/\/www.lebenswerter-braubach.de\/wp-content\/uploads\/2016\/02\/Zebra-4.jpg\"><img loading=\"lazy\" decoding=\"async\" aria-describedby=\"caption-attachment-318\" class=\"wp-image-318 size-large\" src=\"http:\/\/www.lebenswerter-braubach.de\/wp-content\/uploads\/2016\/02\/Zebra-4-868x1024.jpg\" alt=\"Zebra 4\" width=\"640\" height=\"755\" srcset=\"http:\/\/www.lebenswerter-braubach.de\/wp-content\/uploads\/2016\/02\/Zebra-4-868x1024.jpg 868w, http:\/\/www.lebenswerter-braubach.de\/wp-content\/uploads\/2016\/02\/Zebra-4-254x300.jpg 254w\" sizes=\"auto, (max-width: 640px) 100vw, 640px\" \/><\/a><p id=\"caption-attachment-318\" class=\"wp-caption-text\">Der Baum vor dem Fu\u00dfg\u00e4nger\u00fcberweg erschwert die Sicht zus\u00e4tzlich. Vor allem Kinder laufen der stetigen Gefahr viel zu sp\u00e4t erkannt zu werden. Gerade ortsfremde Kraftfahrer \u00fcberfahren den Fu\u00dfg\u00e4ngerweg oft ungebremst. TROTZ wartenden Fu\u00dfg\u00e4nger!!!<\/p><\/div>\n<p style=\"text-align: justify;\">W\u00e4hrend der LBM bei allen anderen Themen sehr kooperativ mit der B\u00fcrgerinitiative und der Stadt- bzw. Verbandsgemeindeverwaltung agierte, scheint hinsichtlich des Verkehrs-RISIKO &#8222;Fu\u00dfg\u00e4nger\u00fcberweg&#8220; keine Abhilfe m\u00f6glich zu sein. In Gespr\u00e4chen mit dem LBM wurde gebetsm\u00fchlenartig\u00a0mit den gesetzlich bestimmten Rechten der Kraftfahrzeugfahrer argumentiert. Unser Argument &#8222;die Sicherheit der Fu\u00dfg\u00e4nger&#8220; fand\u00a0zu keinem Zeitpunkt\u00a0ausreichenden Stellenwert, die Situation vor Ort durch m\u00f6gliche Ma\u00dfnahmen zu entsch\u00e4rfen.<\/p>\n<div id=\"attachment_324\" style=\"width: 650px\" class=\"wp-caption aligncenter\"><a href=\"http:\/\/www.lebenswerter-braubach.de\/wp-content\/uploads\/2016\/02\/Zebra-5.jpg\"><img loading=\"lazy\" decoding=\"async\" aria-describedby=\"caption-attachment-324\" class=\"wp-image-324 size-large\" src=\"http:\/\/www.lebenswerter-braubach.de\/wp-content\/uploads\/2016\/02\/Zebra-5-1024x766.jpg\" alt=\"Die gleiche Szene wie auf dem Einstiegsfoto. Dieses Mal aber mit Gegenlicht. Toter Winkel, Gegenlicht und Fu\u00dfg\u00e4nger\u00fcberweg ohne fr\u00fchzeitige Ank\u00fcndigung hinter einer Kurve in einem Kreuzungsbereich. Hier soll kein Handlungsbedarf sein ?!?\" width=\"640\" height=\"479\" srcset=\"http:\/\/www.lebenswerter-braubach.de\/wp-content\/uploads\/2016\/02\/Zebra-5-1024x766.jpg 1024w, http:\/\/www.lebenswerter-braubach.de\/wp-content\/uploads\/2016\/02\/Zebra-5-300x224.jpg 300w\" sizes=\"auto, (max-width: 640px) 100vw, 640px\" \/><\/a><p id=\"caption-attachment-324\" class=\"wp-caption-text\">ERKENNEN\u00a0SIE DEN FUSSG\u00c4NGER ??? Die gleiche Szene wie auf dem Einstiegsfoto. Dieses Mal aber mit Gegenlicht. Toter Winkel, Gegenlicht und Fu\u00dfg\u00e4nger\u00fcberweg ohne fr\u00fchzeitige Ank\u00fcndigung hinter einer Kurve in einem Kreuzungsbereich. Hier soll kein Handlungsbedarf sein ?!?<\/p><\/div>\n<p style=\"text-align: justify;\">Bei einer Ortbegehung mit LBM, Stadt- und Verbandsgemeindeverwaltung wurde als einzige Ma\u00dfnahme angeboten, den Fu\u00dfg\u00e4nger\u00fcberweg ersatzlos zu entfernen !!!<\/p>\n<p style=\"text-align: center;\"><strong>Der Fu\u00dfg\u00e4nger\u00fcberweg in der Rheinstra\u00dfe<\/strong><br \/>\n<strong>ist und bleibt weiterhin ein enormes Verkehrs-RISIKO!<\/strong><\/p>\n<p>&nbsp;<\/p>\n","protected":false},"excerpt":{"rendered":"<p>Wissentlich, dass noch viele Jahre vergehen werden, bis mit der Umsetzung und dem Bau einer Umgehungsstra\u00dfe begonnen werden kann, setzen wir uns zeitgleich f\u00fcr mehr Sicherheit im Braubacher Stra\u00dfenverkehr ein. Der Fu\u00dfg\u00e4nger\u00fcbergang in der Rheinstra\u00dfe wird mittlerweile sehr h\u00e4ufig von &hellip; <a href=\"http:\/\/www.lebenswerter-braubach.de\/?page_id=314\">Weiterlesen <span class=\"meta-nav\">&rarr;<\/span><\/a><\/p>\n","protected":false},"author":8,"featured_media":0,"parent":0,"menu_order":0,"comment_status":"closed","ping_status":"closed","template":"","meta":{"footnotes":"","_links_to":"","_links_to_target":""},"class_list":["post-314","page","type-page","status-publish","hentry"],"_links":{"self":[{"href":"http:\/\/www.lebenswerter-braubach.de\/index.php?rest_route=\/wp\/v2\/pages\/314","targetHints":{"allow":["GET"]}}],"collection":[{"href":"http:\/\/www.lebenswerter-braubach.de\/index.php?rest_route=\/wp\/v2\/pages"}],"about":[{"href":"http:\/\/www.lebenswerter-braubach.de\/index.php?rest_route=\/wp\/v2\/types\/page"}],"author":[{"embeddable":true,"href":"http:\/\/www.lebenswerter-braubach.de\/index.php?rest_route=\/wp\/v2\/users\/8"}],"replies":[{"embeddable":true,"href":"http:\/\/www.lebenswerter-braubach.de\/index.php?rest_route=%2Fwp%2Fv2%2Fcomments&post=314"}],"version-history":[{"count":0,"href":"http:\/\/www.lebenswerter-braubach.de\/index.php?rest_route=\/wp\/v2\/pages\/314\/revisions"}],"wp:attachment":[{"href":"http:\/\/www.lebenswerter-braubach.de\/index.php?rest_route=%2Fwp%2Fv2%2Fmedia&parent=314"}],"curies":[{"name":"wp","href":"https:\/\/api.w.org\/{rel}","templated":true}]}}