{"id":337,"date":"2016-02-16T17:06:38","date_gmt":"2016-02-16T15:06:38","guid":{"rendered":"http:\/\/www.lebenswerter-braubach.de\/?page_id=337"},"modified":"2016-02-16T17:06:38","modified_gmt":"2016-02-16T15:06:38","slug":"befuerworter","status":"publish","type":"page","link":"http:\/\/www.lebenswerter-braubach.de\/?page_id=337","title":{"rendered":"Bef\u00fcrworter"},"content":{"rendered":"<p>&nbsp;<\/p>\n<p style=\"text-align: justify;\">Bereits w\u00e4hrend der ersten 12 Monate nach Gr\u00fcndung der B\u00fcrgerinitiative haben wir Kontakt zu zahlreichen verantwortlichen politischen Gremien, Organisationen und Beh\u00f6rden aufgenommen.<\/p>\n<p style=\"text-align: center;\"><strong>Ausnahmslos alle Gespr\u00e4chspartner bef\u00fcrworten unsere Forderung nach einer \u201eechten\u201c Ortsumgehung und haben uns ihre Unterst\u00fctzung zugesagt!<\/strong><\/p>\n<p style=\"text-align: justify;\">Mit einer solchen partei- und organsiations\u00fcbergreifenden Zustimmung f\u00fcr unser Projekt haben wir wirklich nicht gerechnet und bedanken uns schon heute f\u00fcr die sehr gute und konstruktive Zusammenarbeit mit allen Gespr\u00e4chspartnern.<\/p>\n","protected":false},"excerpt":{"rendered":"<p>&nbsp; Bereits w\u00e4hrend der ersten 12 Monate nach Gr\u00fcndung der B\u00fcrgerinitiative haben wir Kontakt zu zahlreichen verantwortlichen politischen Gremien, Organisationen und Beh\u00f6rden aufgenommen. Ausnahmslos alle Gespr\u00e4chspartner bef\u00fcrworten unsere Forderung nach einer \u201eechten\u201c Ortsumgehung und haben uns ihre Unterst\u00fctzung zugesagt! Mit &hellip; <a href=\"http:\/\/www.lebenswerter-braubach.de\/?page_id=337\">Weiterlesen <span class=\"meta-nav\">&rarr;<\/span><\/a><\/p>\n","protected":false},"author":8,"featured_media":0,"parent":0,"menu_order":0,"comment_status":"closed","ping_status":"closed","template":"","meta":{"footnotes":"","_links_to":"","_links_to_target":""},"class_list":["post-337","page","type-page","status-publish","hentry"],"_links":{"self":[{"href":"http:\/\/www.lebenswerter-braubach.de\/index.php?rest_route=\/wp\/v2\/pages\/337","targetHints":{"allow":["GET"]}}],"collection":[{"href":"http:\/\/www.lebenswerter-braubach.de\/index.php?rest_route=\/wp\/v2\/pages"}],"about":[{"href":"http:\/\/www.lebenswerter-braubach.de\/index.php?rest_route=\/wp\/v2\/types\/page"}],"author":[{"embeddable":true,"href":"http:\/\/www.lebenswerter-braubach.de\/index.php?rest_route=\/wp\/v2\/users\/8"}],"replies":[{"embeddable":true,"href":"http:\/\/www.lebenswerter-braubach.de\/index.php?rest_route=%2Fwp%2Fv2%2Fcomments&post=337"}],"version-history":[{"count":0,"href":"http:\/\/www.lebenswerter-braubach.de\/index.php?rest_route=\/wp\/v2\/pages\/337\/revisions"}],"wp:attachment":[{"href":"http:\/\/www.lebenswerter-braubach.de\/index.php?rest_route=%2Fwp%2Fv2%2Fmedia&parent=337"}],"curies":[{"name":"wp","href":"https:\/\/api.w.org\/{rel}","templated":true}]}}