{"id":388,"date":"2016-03-06T10:25:37","date_gmt":"2016-03-06T08:25:37","guid":{"rendered":"http:\/\/www.lebenswerter-braubach.de\/?page_id=388"},"modified":"2016-04-08T12:54:03","modified_gmt":"2016-04-08T10:54:03","slug":"sachstand-maerz-2016-visualisierungen","status":"publish","type":"page","link":"http:\/\/www.lebenswerter-braubach.de\/?page_id=388","title":{"rendered":"Sachstand M\u00e4rz 2016 Visualisierungen"},"content":{"rendered":"<p style=\"text-align: justify;\">Im Zuge der Voruntersuchungen wurden auch erste Visualisierungen der m\u00f6glichen\u00a0Varianten erstellt. Im folgenden werden einige m\u00f6gliche Umsetzungen dargestellt.<\/p>\n<p style=\"text-align: center;\"><span style=\"text-decoration: underline;\">Variante 1 &#8211; LBM-Vorschlag:\u00a0<\/span><br \/>\n<strong>&#8222;Umgehung Marksburgberg&#8220;<\/strong><\/p>\n<div id=\"attachment_389\" style=\"width: 650px\" class=\"wp-caption aligncenter\"><a href=\"http:\/\/www.lebenswerter-braubach.de\/wp-content\/uploads\/2016\/03\/Visualisierung-6.jpg\"><img loading=\"lazy\" decoding=\"async\" aria-describedby=\"caption-attachment-389\" class=\"wp-image-389 size-large\" src=\"http:\/\/www.lebenswerter-braubach.de\/wp-content\/uploads\/2016\/03\/Visualisierung-6-1024x574.jpg\" alt=\"Ganzseitiges Foto\" width=\"640\" height=\"359\" srcset=\"http:\/\/www.lebenswerter-braubach.de\/wp-content\/uploads\/2016\/03\/Visualisierung-6-1024x574.jpg 1024w, http:\/\/www.lebenswerter-braubach.de\/wp-content\/uploads\/2016\/03\/Visualisierung-6-300x168.jpg 300w\" sizes=\"auto, (max-width: 640px) 100vw, 640px\" \/><\/a><p id=\"caption-attachment-389\" class=\"wp-caption-text\">M\u00f6gliche Ausf\u00fchrung einer St\u00e4nderstra\u00dfe \u00fcber die B42 zum Eingang des geplanten Marksburgbergtunnel. Quelle: LBM Diez &#8212;&#8211; Grafik: Ingenieurb\u00fcro sabine wiederer<\/p><\/div>\n<div id=\"attachment_391\" style=\"width: 650px\" class=\"wp-caption aligncenter\"><a href=\"http:\/\/www.lebenswerter-braubach.de\/wp-content\/uploads\/2016\/03\/Visualisierung-7.jpg\"><img loading=\"lazy\" decoding=\"async\" aria-describedby=\"caption-attachment-391\" class=\"wp-image-391 size-large\" src=\"http:\/\/www.lebenswerter-braubach.de\/wp-content\/uploads\/2016\/03\/Visualisierung-7-1024x564.jpg\" alt=\"Ganzseitiges Foto\" width=\"640\" height=\"353\" srcset=\"http:\/\/www.lebenswerter-braubach.de\/wp-content\/uploads\/2016\/03\/Visualisierung-7-1024x564.jpg 1024w, http:\/\/www.lebenswerter-braubach.de\/wp-content\/uploads\/2016\/03\/Visualisierung-7-300x165.jpg 300w\" sizes=\"auto, (max-width: 640px) 100vw, 640px\" \/><\/a><p id=\"caption-attachment-391\" class=\"wp-caption-text\">Tunnelausgang im Bereich der Dachsenh\u00e4user Stra\u00dfe. Quelle: LBM Diez &#8212;&#8211; Grafik: Ingenieurb\u00fcro sabine wiederer<\/p><\/div>\n<p style=\"text-align: center;\"><span style=\"text-decoration: underline;\">Variante 2 &#8211; BI-Vorschlag:<\/span><br \/>\n<strong>\u00a0&#8222;Umgehung Martinskapelle&#8220;<\/strong><\/p>\n<div id=\"attachment_393\" style=\"width: 650px\" class=\"wp-caption aligncenter\"><a href=\"http:\/\/www.lebenswerter-braubach.de\/wp-content\/uploads\/2016\/03\/Visualisierung-13.jpg\"><img loading=\"lazy\" decoding=\"async\" aria-describedby=\"caption-attachment-393\" class=\"wp-image-393 size-large\" src=\"http:\/\/www.lebenswerter-braubach.de\/wp-content\/uploads\/2016\/03\/Visualisierung-13-1024x564.jpg\" alt=\"Ganzseitiges Foto\" width=\"640\" height=\"353\" srcset=\"http:\/\/www.lebenswerter-braubach.de\/wp-content\/uploads\/2016\/03\/Visualisierung-13-1024x564.jpg 1024w, http:\/\/www.lebenswerter-braubach.de\/wp-content\/uploads\/2016\/03\/Visualisierung-13-300x165.jpg 300w\" sizes=\"auto, (max-width: 640px) 100vw, 640px\" \/><\/a><p id=\"caption-attachment-393\" class=\"wp-caption-text\">M\u00f6gliche Ausf\u00fchrung einer St\u00e4nderstra\u00dfe \u00fcber die B42 zum Eingang des geplanten Tunnel im Bereich der Martinskapelle. Quelle: LBM Diez &#8212;&#8211; Grafik: Ingenieurb\u00fcro sabine wiederer<\/p><\/div>\n<div id=\"attachment_394\" style=\"width: 650px\" class=\"wp-caption aligncenter\"><a href=\"http:\/\/www.lebenswerter-braubach.de\/wp-content\/uploads\/2016\/03\/Visualisierung-14.jpg\"><img loading=\"lazy\" decoding=\"async\" aria-describedby=\"caption-attachment-394\" class=\"wp-image-394 size-large\" src=\"http:\/\/www.lebenswerter-braubach.de\/wp-content\/uploads\/2016\/03\/Visualisierung-14-1024x575.jpg\" alt=\"Ganzseitiges Foto\" width=\"640\" height=\"359\" srcset=\"http:\/\/www.lebenswerter-braubach.de\/wp-content\/uploads\/2016\/03\/Visualisierung-14-1024x575.jpg 1024w, http:\/\/www.lebenswerter-braubach.de\/wp-content\/uploads\/2016\/03\/Visualisierung-14-300x169.jpg 300w\" sizes=\"auto, (max-width: 640px) 100vw, 640px\" \/><\/a><p id=\"caption-attachment-394\" class=\"wp-caption-text\">M\u00f6gliche Stra\u00dfenf\u00fchrung zur L335 hinter dem Ortsausgang Braubach. Diese L\u00f6sung w\u00fcrde Braubach komplett umfahren. Quelle: LBM Diez &#8212;&#8211; Grafik: Ingenieurb\u00fcro sabine wiederer<\/p><\/div>\n<p style=\"text-align: justify;\">\u00a0<span style=\"text-decoration: underline;\">Wichtiger Hinweis:<\/span><br \/>\n<strong><em>Alle Visualisierungen stellen &#8222;nur&#8220; das Ergebnis der &#8222;Voruntersuchung&#8220; dar. Eine abschlie\u00dfende L\u00f6sung und Umsetzung kann sp\u00e4ter deutlich von den\u00a0aktuell vorgestellten\u00a0Darstellungen abweichen.<\/em><\/strong><\/p>\n","protected":false},"excerpt":{"rendered":"<p>Im Zuge der Voruntersuchungen wurden auch erste Visualisierungen der m\u00f6glichen\u00a0Varianten erstellt. Im folgenden werden einige m\u00f6gliche Umsetzungen dargestellt. Variante 1 &#8211; LBM-Vorschlag:\u00a0 &#8222;Umgehung Marksburgberg&#8220; Variante 2 &#8211; BI-Vorschlag: \u00a0&#8222;Umgehung Martinskapelle&#8220; \u00a0Wichtiger Hinweis: Alle Visualisierungen stellen &#8222;nur&#8220; das Ergebnis der &#8222;Voruntersuchung&#8220; &hellip; <a href=\"http:\/\/www.lebenswerter-braubach.de\/?page_id=388\">Weiterlesen <span class=\"meta-nav\">&rarr;<\/span><\/a><\/p>\n","protected":false},"author":8,"featured_media":0,"parent":0,"menu_order":0,"comment_status":"closed","ping_status":"closed","template":"","meta":{"footnotes":"","_links_to":"","_links_to_target":""},"class_list":["post-388","page","type-page","status-publish","hentry"],"_links":{"self":[{"href":"http:\/\/www.lebenswerter-braubach.de\/index.php?rest_route=\/wp\/v2\/pages\/388","targetHints":{"allow":["GET"]}}],"collection":[{"href":"http:\/\/www.lebenswerter-braubach.de\/index.php?rest_route=\/wp\/v2\/pages"}],"about":[{"href":"http:\/\/www.lebenswerter-braubach.de\/index.php?rest_route=\/wp\/v2\/types\/page"}],"author":[{"embeddable":true,"href":"http:\/\/www.lebenswerter-braubach.de\/index.php?rest_route=\/wp\/v2\/users\/8"}],"replies":[{"embeddable":true,"href":"http:\/\/www.lebenswerter-braubach.de\/index.php?rest_route=%2Fwp%2Fv2%2Fcomments&post=388"}],"version-history":[{"count":0,"href":"http:\/\/www.lebenswerter-braubach.de\/index.php?rest_route=\/wp\/v2\/pages\/388\/revisions"}],"wp:attachment":[{"href":"http:\/\/www.lebenswerter-braubach.de\/index.php?rest_route=%2Fwp%2Fv2%2Fmedia&parent=388"}],"curies":[{"name":"wp","href":"https:\/\/api.w.org\/{rel}","templated":true}]}}