{"id":77,"date":"2016-02-10T12:08:03","date_gmt":"2016-02-10T10:08:03","guid":{"rendered":"http:\/\/www.lebenswerter-braubach.de\/?page_id=77"},"modified":"2016-03-07T11:19:09","modified_gmt":"2016-03-07T09:19:09","slug":"die-verkehrssituation","status":"publish","type":"page","link":"http:\/\/www.lebenswerter-braubach.de\/?page_id=77","title":{"rendered":"Die Verkehrssituation in Braubach"},"content":{"rendered":"<p>&nbsp;<\/p>\n<p><strong>1.) <span style=\"text-decoration: underline;\">Die verkehrstechnische Situation in Braubach<\/span><\/strong><\/p>\n<ul>\n<li style=\"text-align: justify;\">Nahezu\u00a010.000 PKW, LKW, Busse und Motorr\u00e4der passieren t\u00e4glich durch die Ortsdurchfahrt Braubach.<\/li>\n<li style=\"text-align: justify;\">In den letzten Jahren hat besonders der LKW-Verkehr \u00fcberproportional zugenommen. Der Grund liegt \u00fcberwiegend an den finanziell lukrativen Maut-einsparungen beim G\u00fctertransport zwischen dem Gro\u00dfraum Koblenz und dem Rhein-Main-Gebiet.<\/li>\n<li style=\"text-align: justify;\">Au\u00dferhalb der Schulferien kommt es w\u00e4hrend der Hauptverkehrszeiten fast t\u00e4glich zu Verkehrsblockaden rund um das Braubacher Obertor, in deren Folge der Verkehr zwischen Rhein- und Dachsenh\u00e4user Stra\u00dfe, bzw. Emser Stra\u00dfe teilweise g\u00e4nzlich zum Erliegen kommt.<\/li>\n<li style=\"text-align: justify;\">Aufgrund der beengten Stra\u00dfenf\u00fchrung kommt es beim LKW-Begegnungsverkehr zudem h\u00e4ufig zu weiteren teils minutenlangen Verkehrsbehinderungen.<\/li>\n<\/ul>\n<div id=\"attachment_346\" style=\"width: 650px\" class=\"wp-caption aligncenter\"><a href=\"http:\/\/www.lebenswerter-braubach.de\/wp-content\/uploads\/2016\/02\/IMG_0003.jpg\"><img loading=\"lazy\" decoding=\"async\" aria-describedby=\"caption-attachment-346\" class=\"wp-image-346 size-large\" src=\"http:\/\/www.lebenswerter-braubach.de\/wp-content\/uploads\/2016\/02\/IMG_0003-1024x688.jpg\" alt=\"IMG_0003\" width=\"640\" height=\"430\" srcset=\"http:\/\/www.lebenswerter-braubach.de\/wp-content\/uploads\/2016\/02\/IMG_0003-1024x688.jpg 1024w, http:\/\/www.lebenswerter-braubach.de\/wp-content\/uploads\/2016\/02\/IMG_0003-300x202.jpg 300w, http:\/\/www.lebenswerter-braubach.de\/wp-content\/uploads\/2016\/02\/IMG_0003.jpg 1756w\" sizes=\"auto, (max-width: 640px) 100vw, 640px\" \/><\/a><p id=\"caption-attachment-346\" class=\"wp-caption-text\">Allt\u00e4glicher Blick aus der Wohnung unseres Vorstandsmitgliedes Helmut Metz.\u00a0Vor allem w\u00e4hrend des Berufsverkehrs\u00a0kommen LKWs und Busse im Begegnungsverkehr\u00a0der Wohnung\u00a0zum Greifen nahe!<\/p><\/div>\n<p><strong>2.) <span style=\"text-decoration: underline;\">Folgen dieser verkehrstechnischen Situation:<\/span><\/strong><\/p>\n<ul>\n<li style=\"text-align: justify;\">Unertr\u00e4gliche Belastung f\u00fcr die Braubacher B\u00fcrger und Anwohner.<\/li>\n<li style=\"text-align: justify;\">Sch\u00e4digung der Gesundheit durch L\u00e4rm und Feinstaub.<\/li>\n<li style=\"text-align: justify;\">Kontinuierliche und teilweise latente Sch\u00e4digungen der angrenzenden Geb\u00e4ude.<\/li>\n<li style=\"text-align: justify;\">Allt\u00e4gliche gef\u00e4hrliche Verkehrssituationen besonders f\u00fcr Kinder und \u00e4ltere Mitb\u00fcrger.<\/li>\n<li style=\"text-align: justify;\">Fast w\u00f6chentlich Besch\u00e4digungen parkenden Fahrzeuge der Anwohner undBraubacher Besucher durch Ausweichman\u00f6ver im LKW-Begegnungsverkehr.<\/li>\n<li style=\"text-align: justify;\">Deutliche Zeitverz\u00f6gerungen f\u00fcr die zahlreichen Berufspendler, welche zweimal t\u00e4glich Braubach passieren m\u00fcssen.<\/li>\n<li style=\"text-align: justify;\">Kaum, bzw. stark behindertes Durchkommen von Feuerwehr, Polizei und Rettungsdienst w\u00e4hrend der Hauptverkehrszeiten.<\/li>\n<\/ul>\n<div id=\"attachment_349\" style=\"width: 649px\" class=\"wp-caption aligncenter\"><a href=\"http:\/\/www.lebenswerter-braubach.de\/wp-content\/uploads\/2016\/02\/1-Stunde-Kopie.jpg\"><img loading=\"lazy\" decoding=\"async\" aria-describedby=\"caption-attachment-349\" class=\"wp-image-349 size-large\" src=\"http:\/\/www.lebenswerter-braubach.de\/wp-content\/uploads\/2016\/02\/1-Stunde-Kopie-639x1024.jpg\" alt=\"Zwar nicht repr\u00e4sentativ aber doch beeindruckend, lange nach der morgendlichen Rush-Hour, z\u00e4hlte Helmut Metz am 14.08.2013 binnen einer Stunde mehr als 500 Fahrzeuge. Darunter waren 52 Lastkraftwagen.\" width=\"639\" height=\"1024\" srcset=\"http:\/\/www.lebenswerter-braubach.de\/wp-content\/uploads\/2016\/02\/1-Stunde-Kopie-639x1024.jpg 639w, http:\/\/www.lebenswerter-braubach.de\/wp-content\/uploads\/2016\/02\/1-Stunde-Kopie-187x300.jpg 187w, http:\/\/www.lebenswerter-braubach.de\/wp-content\/uploads\/2016\/02\/1-Stunde-Kopie.jpg 1538w\" sizes=\"auto, (max-width: 639px) 100vw, 639px\" \/><\/a><p id=\"caption-attachment-349\" class=\"wp-caption-text\">Zwar nicht repr\u00e4sentativ aber dennoch sehr beeindruckend &#8211; lange nach der morgendlichen Rush-Hour, z\u00e4hlte Helmut Metz am 14.08.2013 binnen einer Stunde mehr als 500 Fahrzeuge. Darunter waren 52 Lastkraftwagen. Das bedeutet alle 8 Sekunden ein Fahrzeug!<\/p><\/div>\n","protected":false},"excerpt":{"rendered":"<p>&nbsp; 1.) Die verkehrstechnische Situation in Braubach Nahezu\u00a010.000 PKW, LKW, Busse und Motorr\u00e4der passieren t\u00e4glich durch die Ortsdurchfahrt Braubach. In den letzten Jahren hat besonders der LKW-Verkehr \u00fcberproportional zugenommen. Der Grund liegt \u00fcberwiegend an den finanziell lukrativen Maut-einsparungen beim G\u00fctertransport &hellip; <a href=\"http:\/\/www.lebenswerter-braubach.de\/?page_id=77\">Weiterlesen <span class=\"meta-nav\">&rarr;<\/span><\/a><\/p>\n","protected":false},"author":8,"featured_media":0,"parent":0,"menu_order":0,"comment_status":"closed","ping_status":"closed","template":"","meta":{"footnotes":"","_links_to":"","_links_to_target":""},"class_list":["post-77","page","type-page","status-publish","hentry"],"_links":{"self":[{"href":"http:\/\/www.lebenswerter-braubach.de\/index.php?rest_route=\/wp\/v2\/pages\/77","targetHints":{"allow":["GET"]}}],"collection":[{"href":"http:\/\/www.lebenswerter-braubach.de\/index.php?rest_route=\/wp\/v2\/pages"}],"about":[{"href":"http:\/\/www.lebenswerter-braubach.de\/index.php?rest_route=\/wp\/v2\/types\/page"}],"author":[{"embeddable":true,"href":"http:\/\/www.lebenswerter-braubach.de\/index.php?rest_route=\/wp\/v2\/users\/8"}],"replies":[{"embeddable":true,"href":"http:\/\/www.lebenswerter-braubach.de\/index.php?rest_route=%2Fwp%2Fv2%2Fcomments&post=77"}],"version-history":[{"count":0,"href":"http:\/\/www.lebenswerter-braubach.de\/index.php?rest_route=\/wp\/v2\/pages\/77\/revisions"}],"wp:attachment":[{"href":"http:\/\/www.lebenswerter-braubach.de\/index.php?rest_route=%2Fwp%2Fv2%2Fmedia&parent=77"}],"curies":[{"name":"wp","href":"https:\/\/api.w.org\/{rel}","templated":true}]}}