{"id":88,"date":"2016-02-10T14:03:31","date_gmt":"2016-02-10T12:03:31","guid":{"rendered":"http:\/\/www.lebenswerter-braubach.de\/?page_id=88"},"modified":"2016-03-07T11:29:44","modified_gmt":"2016-03-07T09:29:44","slug":"vereinsziele","status":"publish","type":"page","link":"http:\/\/www.lebenswerter-braubach.de\/?page_id=88","title":{"rendered":"Vereinsziele"},"content":{"rendered":"<p>&nbsp;<\/p>\n<p><strong>Aktuelle Zielsetzung der B\u00fcrgerinitiative &#8222;Braubach lebenswerter e.V.&#8220;<\/strong><\/p>\n<p><strong><u>kurzfristige Ziele:<\/u><\/strong><\/p>\n<ol>\n<li>Installation einer Emissions- &amp; L\u00e4rmmesstelle vor dem Obertor.<\/li>\n<li>Einheitliche Geschwindigkeitsbeschr\u00e4nkung beginnend von der Rheinstra\u00dfe bis einschlie\u00dflich der Dachsenh\u00e4user Stra\u00dfe.<\/li>\n<\/ol>\n<p><strong><u>mittelfristige Ziele:<\/u><\/strong><\/p>\n<ol>\n<li>Verbesserungen der Verkehrssicherheit insbesondere im Bereich von Schulwegen und der beiden Stra\u00dfen\u00fcberf\u00fchrungen.<\/li>\n<\/ol>\n<p><strong><u>langfristige Ziele:<\/u><\/strong><\/p>\n<ol>\n<li>Bau einer \u201eechten\u201c Umgehungsstra\u00dfe, welche Braubach komplett umf\u00e4hrt.<\/li>\n<\/ol>\n","protected":false},"excerpt":{"rendered":"<p>&nbsp; Aktuelle Zielsetzung der B\u00fcrgerinitiative &#8222;Braubach lebenswerter e.V.&#8220; kurzfristige Ziele: Installation einer Emissions- &amp; L\u00e4rmmesstelle vor dem Obertor. Einheitliche Geschwindigkeitsbeschr\u00e4nkung beginnend von der Rheinstra\u00dfe bis einschlie\u00dflich der Dachsenh\u00e4user Stra\u00dfe. mittelfristige Ziele: Verbesserungen der Verkehrssicherheit insbesondere im Bereich von Schulwegen und &hellip; <a href=\"http:\/\/www.lebenswerter-braubach.de\/?page_id=88\">Weiterlesen <span class=\"meta-nav\">&rarr;<\/span><\/a><\/p>\n","protected":false},"author":8,"featured_media":0,"parent":0,"menu_order":0,"comment_status":"closed","ping_status":"closed","template":"","meta":{"footnotes":"","_links_to":"","_links_to_target":""},"class_list":["post-88","page","type-page","status-publish","hentry"],"_links":{"self":[{"href":"http:\/\/www.lebenswerter-braubach.de\/index.php?rest_route=\/wp\/v2\/pages\/88","targetHints":{"allow":["GET"]}}],"collection":[{"href":"http:\/\/www.lebenswerter-braubach.de\/index.php?rest_route=\/wp\/v2\/pages"}],"about":[{"href":"http:\/\/www.lebenswerter-braubach.de\/index.php?rest_route=\/wp\/v2\/types\/page"}],"author":[{"embeddable":true,"href":"http:\/\/www.lebenswerter-braubach.de\/index.php?rest_route=\/wp\/v2\/users\/8"}],"replies":[{"embeddable":true,"href":"http:\/\/www.lebenswerter-braubach.de\/index.php?rest_route=%2Fwp%2Fv2%2Fcomments&post=88"}],"version-history":[{"count":0,"href":"http:\/\/www.lebenswerter-braubach.de\/index.php?rest_route=\/wp\/v2\/pages\/88\/revisions"}],"wp:attachment":[{"href":"http:\/\/www.lebenswerter-braubach.de\/index.php?rest_route=%2Fwp%2Fv2%2Fmedia&parent=88"}],"curies":[{"name":"wp","href":"https:\/\/api.w.org\/{rel}","templated":true}]}}